{"id":2214,"date":"2020-02-16T18:45:49","date_gmt":"2020-02-16T16:45:49","guid":{"rendered":"http:\/\/heiko-zeyer.de\/?page_id=2214"},"modified":"2020-02-29T12:27:29","modified_gmt":"2020-02-29T10:27:29","slug":"weiteres","status":"publish","type":"page","link":"https:\/\/heiko-zeyer.de\/?page_id=2214","title":{"rendered":".. weiteres"},"content":{"rendered":"\n<p>Sodele, hier sind bestimmte Dinge aufgef\u00fchrt, die sich \u00fcber die Jahre angesammelt haben &#8230; <\/p>\n\n\n\n<p>Also aktuelles oder auch \u00e4lteres, einiges &#8222;offen&#8220; und einige &#8222;gesch\u00fctzt&#8220;. F\u00fcr Kennw\u00f6rter bitte mich anschreiben!<\/p>\n\n\n\n<p><a href=\"https:\/\/heiko-zeyer.de\/?page_id=1996\">EEC &#8211; EnzkreisEntertainmentCrew<\/a><\/p>\n\n\n\n<p><a href=\"https:\/\/heiko-zeyer.de\/?page_id=2219\">100 Jahre Sabine und Heiko &#8211; Infos, Adressen, Diskussion, etc<\/a> <\/p>\n\n\n\n<p><a href=\"https:\/\/heiko-zeyer.de\/?page_id=2223\">Zeyer Wappen<\/a><\/p>\n","protected":false},"excerpt":{"rendered":"<p>Sodele, hier sind bestimmte Dinge aufgef\u00fchrt, die sich \u00fcber die Jahre angesammelt haben &#8230; Also aktuelles oder auch \u00e4lteres, einiges&#8230; <a class=\"read-more\" href=\"https:\/\/heiko-zeyer.de\/?page_id=2214\" rel=\"nofollow\"> Read more<\/a><\/p>\n","protected":false},"author":1,"featured_media":0,"parent":0,"menu_order":3,"comment_status":"closed","ping_status":"closed","template":"","meta":{"footnotes":""},"_links":{"self":[{"href":"https:\/\/heiko-zeyer.de\/index.php?rest_route=\/wp\/v2\/pages\/2214"}],"collection":[{"href":"https:\/\/heiko-zeyer.de\/index.php?rest_route=\/wp\/v2\/pages"}],"about":[{"href":"https:\/\/heiko-zeyer.de\/index.php?rest_route=\/wp\/v2\/types\/page"}],"author":[{"embeddable":true,"href":"https:\/\/heiko-zeyer.de\/index.php?rest_route=\/wp\/v2\/users\/1"}],"replies":[{"embeddable":true,"href":"https:\/\/heiko-zeyer.de\/index.php?rest_route=%2Fwp%2Fv2%2Fcomments&post=2214"}],"version-history":[{"count":4,"href":"https:\/\/heiko-zeyer.de\/index.php?rest_route=\/wp\/v2\/pages\/2214\/revisions"}],"predecessor-version":[{"id":2255,"href":"https:\/\/heiko-zeyer.de\/index.php?rest_route=\/wp\/v2\/pages\/2214\/revisions\/2255"}],"wp:attachment":[{"href":"https:\/\/heiko-zeyer.de\/index.php?rest_route=%2Fwp%2Fv2%2Fmedia&parent=2214"}],"curies":[{"name":"wp","href":"https:\/\/api.w.org\/{rel}","templated":true}]}}