{"id":372,"date":"2017-08-14T15:42:06","date_gmt":"2017-08-14T13:42:06","guid":{"rendered":"http:\/\/single-besen.de\/?page_id=372"},"modified":"2024-06-05T07:51:06","modified_gmt":"2024-06-05T05:51:06","slug":"links","status":"publish","type":"page","link":"https:\/\/heiko-zeyer.de\/?page_id=372","title":{"rendered":"LINKS"},"content":{"rendered":"\n<h4 class=\"wp-block-heading\">Hilfen<\/h4>\n\n\n\n<p><\/p>\n\n\n\n<ul>\n<li><a href=\"http:\/\/leo.org\" target=\"_blank\" rel=\"noreferrer noopener\" aria-label=\"Leo - der \u00dcbersetzer (\u00f6ffnet in neuem Tab)\">Leo &#8211; der \u00dcbersetzer<\/a><\/li>\n\n\n\n<li>Dokumente Online zu einer PDF zusammenf\u00fcgen: <a href=\"https:\/\/media-tools.perbility.de\/\" target=\"_blank\" rel=\"noreferrer noopener\">https:\/\/media-tools.perbility.de\/<\/a><\/li>\n\n\n\n<li><\/li>\n<\/ul>\n\n\n\n<h4 class=\"wp-block-heading\">Infos<\/h4>\n\n\n\n<ul>\n<li><a rel=\"noreferrer noopener\" aria-label=\"Wetterwarnungen (\u00f6ffnet in neuem Tab)\" href=\"https:\/\/www.dwd.de\/DE\/wetter\/warnungen_gemeinden\/warnWetter_node.html\" target=\"_blank\">Wetterwarnungen<\/a><\/li>\n\n\n\n<li><a href=\"https:\/\/www.starkregengefahr.de\/baden-wuerttemberg\/stadt-brackenheim\/\" target=\"_blank\" rel=\"noreferrer noopener\">Starkregen Karten Stadt Brackenheim mit Ortsteilen<\/a><\/li>\n\n\n\n<li><a rel=\"noreferrer noopener\" aria-label=\"EFA-BW - elektronische Fahrplanauskunft BaW\u00fc (\u00f6ffnet in neuem Tab)\" href=\"http:\/\/www.efa-bw.de\/\" target=\"_blank\">EFA-BW &#8211; elektronische Fahrplanauskunft BaW\u00fc<\/a><\/li>\n\n\n\n<li><a rel=\"noreferrer noopener\" aria-label=\"Aktuelle Blitz-Ortung (\u00f6ffnet in neuem Tab)\" href=\"https:\/\/www.lightningmaps.org\/?lang=de#m=oss;t=3;s=0;o=0;b=;ts=0;z=12;y=49.0671;x=9.0787;d=2;dl=2;dc=0;\" target=\"_blank\">Aktuelle Blitz-Ortung<\/a><\/li>\n\n\n\n<li><a rel=\"noreferrer noopener\" aria-label=\"Autobahn-Kameras - Stra\u00dfenverkehrszentrum BaW\u00fc (\u00f6ffnet in neuem Tab)\" href=\"https:\/\/www.svz-bw.de\/verkehrskameras.html#filter_bereich=ALL&amp;filter_strasse=ALL&amp;showresult=1&amp;\" target=\"_blank\">Autobahn-Kameras &#8211; Stra\u00dfenverkehrszentrum BaW\u00fc<\/a><\/li>\n\n\n\n<li><a rel=\"noreferrer noopener\" href=\"https:\/\/monitoringpublic.solaredge.com\/solaredge-web\/p\/kiosk?guid=fc7354e4-9698-488e-8d77-7f5814c27bde&amp;locale=de_DE\" target=\"_blank\">SolarEdge &#8211; KIOSK-Anzeige PV-Anlage elgrisu in Haberschlacht<\/a><\/li>\n\n\n\n<li><a href=\"https:\/\/app.electricitymap.org\/zone\/DE\" data-type=\"URL\" data-id=\"https:\/\/app.electricitymap.org\/zone\/DE\" target=\"_blank\" rel=\"noreferrer noopener\">electricMap &#8211; \u00dcbersicht Stromimport und -export in Europe<\/a><\/li>\n\n\n\n<li>Familiennamen \/ Infos: <a rel=\"noreferrer noopener\" href=\"https:\/\/geogen.stoepel.net\/\" target=\"_blank\">GEOGEN<\/a> (3D grafische Verteilung von Familiennamen) und <a rel=\"noreferrer noopener\" href=\"https:\/\/geogen.stoepel.net\/legacy.html?q=zeyer\" target=\"_blank\">GEOGEN-flach<\/a> (2D am Beispiel von Zeyer)<\/li>\n\n\n\n<li><a rel=\"noreferrer noopener\" href=\"https:\/\/nvk.genealogy.net\/map\" target=\"_blank\">Namenverbreitungskarte<\/a> (vergleich mehrer Namen durch unterschiedliche Farben)<\/li>\n<\/ul>\n\n\n\n<p><\/p>\n\n\n\n<h4 class=\"wp-block-heading\">Internet<\/h4>\n\n\n\n<ul>\n<li><a rel=\"noreferrer noopener\" aria-label=\"DNS-Routenverfolgung (\u00f6ffnet in neuem Tab)\" href=\"https:\/\/www.monitis.com\/traceroute\/\" target=\"_blank\">DNS-Routenverfolgung<\/a><\/li>\n\n\n\n<li><a href=\"http:\/\/speed.io\" target=\"_blank\" rel=\"noreferrer noopener\" aria-label=\"DSL-Speedtest (\u00f6ffnet in neuem Tab)\">DSL-Speedtest<\/a><\/li>\n\n\n\n<li><\/li>\n<\/ul>\n\n\n\n<h4 class=\"wp-block-heading\">Gaming<\/h4>\n\n\n\n<ul>\n<li><a rel=\"noreferrer noopener\" aria-label=\"Die Siedler Online (\u00f6ffnet in neuem Tab)\" href=\"https:\/\/www.diesiedleronline.de\/de\/spielen\" target=\"_blank\">Die Siedler Online<\/a><\/li>\n\n\n\n<li><a rel=\"noreferrer noopener\" aria-label=\"Die Siedler - Kampfsimulator (\u00f6ffnet in neuem Tab)\" href=\"https:\/\/www.settlerscombatsimulator.com\/de\" target=\"_blank\">Die Siedler &#8211; Kampfsimulator<\/a><\/li>\n\n\n\n<li><a rel=\"noreferrer noopener\" aria-label=\"Leitstellenspiel (\u00f6ffnet in neuem Tab)\" href=\"https:\/\/www.leitstellenspiel.de\/\" target=\"_blank\">Leitstellenspiel<\/a> (Feuerwehr etc.)<\/li>\n\n\n\n<li><\/li>\n<\/ul>\n\n\n\n<h4 class=\"wp-block-heading\">Webseiten von Freunden \/ Bekannten<\/h4>\n\n\n\n<ul>\n<li>Alexander R\u00f6hlich &#8211; <a rel=\"noreferrer noopener\" href=\"http:\/\/silberkorn.net\/\" target=\"_blank\">http:\/\/silberkorn.net\/<\/a><\/li>\n\n\n\n<li>Tom Treuten &#8211; <a rel=\"noreferrer noopener\" href=\"http:\/\/tomtreuten.de\/\" target=\"_blank\">http:\/\/tomtreuten.de\/<\/a><\/li>\n\n\n\n<li>Heiko Fuchs &#8211; <a rel=\"noreferrer noopener\" href=\"https:\/\/heikofuchs.photo\/\" target=\"_blank\">https:\/\/heikofuchs.photo\/<\/a><\/li>\n\n\n\n<li>Adrian Underwood &#8211; <a rel=\"noreferrer noopener\" href=\"https:\/\/www.orfordpiece.com\/\" target=\"_blank\">https:\/\/www.orfordpiece.com\/<\/a><\/li>\n\n\n\n<li><\/li>\n<\/ul>\n","protected":false},"excerpt":{"rendered":"<p>Hilfen Infos Internet Gaming Webseiten von Freunden \/ Bekannten<\/p>\n","protected":false},"author":1,"featured_media":0,"parent":0,"menu_order":2,"comment_status":"closed","ping_status":"closed","template":"","meta":{"footnotes":""},"_links":{"self":[{"href":"https:\/\/heiko-zeyer.de\/index.php?rest_route=\/wp\/v2\/pages\/372"}],"collection":[{"href":"https:\/\/heiko-zeyer.de\/index.php?rest_route=\/wp\/v2\/pages"}],"about":[{"href":"https:\/\/heiko-zeyer.de\/index.php?rest_route=\/wp\/v2\/types\/page"}],"author":[{"embeddable":true,"href":"https:\/\/heiko-zeyer.de\/index.php?rest_route=\/wp\/v2\/users\/1"}],"replies":[{"embeddable":true,"href":"https:\/\/heiko-zeyer.de\/index.php?rest_route=%2Fwp%2Fv2%2Fcomments&post=372"}],"version-history":[{"count":15,"href":"https:\/\/heiko-zeyer.de\/index.php?rest_route=\/wp\/v2\/pages\/372\/revisions"}],"predecessor-version":[{"id":2671,"href":"https:\/\/heiko-zeyer.de\/index.php?rest_route=\/wp\/v2\/pages\/372\/revisions\/2671"}],"wp:attachment":[{"href":"https:\/\/heiko-zeyer.de\/index.php?rest_route=%2Fwp%2Fv2%2Fmedia&parent=372"}],"curies":[{"name":"wp","href":"https:\/\/api.w.org\/{rel}","templated":true}]}}