{"id":416,"date":"2017-10-18T18:04:07","date_gmt":"2017-10-18T18:04:07","guid":{"rendered":"http:\/\/single-besen.de\/?page_id=416"},"modified":"2017-11-19T23:35:20","modified_gmt":"2017-11-19T21:35:20","slug":"hochzeit","status":"publish","type":"page","link":"https:\/\/heiko-zeyer.de\/?page_id=416","title":{"rendered":"Hochzeit"},"content":{"rendered":"<p>Hier wollen wir allen, die uns an diesem Tage so nett und freundlich begleitet haben, die M\u00f6glichkeit geben, nochmals einige Bilder von diesem Event zu betrachten.<\/p>\n<p>Bitte die Bilder nur f\u00fcr den eigenen, privaten Gebrauch benutzen! Kennwort werden wir euch gerne per Mail zur Verf\u00fcgung stellen!<\/p>\n<table border=\"0\">\n<tbody>\n<tr>\n<td><a href=\"https:\/\/heiko-zeyer.de\/?page_id=465\">Der Abend davor<\/a><\/td>\n<td><a href=\"https:\/\/heiko-zeyer.de\/?page_id=406\">Standesamt<\/a><\/td>\n<td><a href=\"https:\/\/heiko-zeyer.de\/?page_id=410\">vor der Kirche<\/a><\/td>\n<\/tr>\n<tr>\n<td><a href=\"https:\/\/heiko-zeyer.de\/?page_id=458\">kirchliche Trauung<\/a><\/td>\n<td><a href=\"https:\/\/heiko-zeyer.de\/?page_id=460\">nach der Kirche<\/a><\/td>\n<td><a href=\"https:\/\/heiko-zeyer.de\/?page_id=462\">Hochzeitsfeier im Landgasthof Roger<\/a><\/td>\n<\/tr>\n<tr>\n<td><a href=\"https:\/\/heiko-zeyer.de\/?page_id=467\">Afterparty im Landgasthof Roger<\/a><\/td>\n<td><a href=\"https:\/\/heiko-zeyer.de\/?page_id=470\">Bilder von der FOTOBOX<\/a><\/td>\n<td><\/td>\n<\/tr>\n<\/tbody>\n<\/table>\n<p>Nur zur Info: das erste Laden kann durch die vielen Bilder etwas l\u00e4nger dauern &#8230; ggf. einfach nochmals neu laden (Fehler 500).<\/p>\n<p>Und noch ein TIPP: sobald Ihr ein Bild gr\u00f6\u00dfer sehen wollt und es angeklickt habt, k\u00f6nnt ich auch mit den Pfeiltasten (&lt;- bzw. -&gt;) durchbl\u00e4ttern!<\/p>\n","protected":false},"excerpt":{"rendered":"<p>Hier wollen wir allen, die uns an diesem Tage so nett und freundlich begleitet haben, die M\u00f6glichkeit geben, nochmals einige&#8230; <a class=\"read-more\" href=\"https:\/\/heiko-zeyer.de\/?page_id=416\" rel=\"nofollow\"> Read more<\/a><\/p>\n","protected":false},"author":1,"featured_media":0,"parent":401,"menu_order":0,"comment_status":"closed","ping_status":"closed","template":"","meta":{"footnotes":""},"_links":{"self":[{"href":"https:\/\/heiko-zeyer.de\/index.php?rest_route=\/wp\/v2\/pages\/416"}],"collection":[{"href":"https:\/\/heiko-zeyer.de\/index.php?rest_route=\/wp\/v2\/pages"}],"about":[{"href":"https:\/\/heiko-zeyer.de\/index.php?rest_route=\/wp\/v2\/types\/page"}],"author":[{"embeddable":true,"href":"https:\/\/heiko-zeyer.de\/index.php?rest_route=\/wp\/v2\/users\/1"}],"replies":[{"embeddable":true,"href":"https:\/\/heiko-zeyer.de\/index.php?rest_route=%2Fwp%2Fv2%2Fcomments&post=416"}],"version-history":[{"count":9,"href":"https:\/\/heiko-zeyer.de\/index.php?rest_route=\/wp\/v2\/pages\/416\/revisions"}],"predecessor-version":[{"id":1985,"href":"https:\/\/heiko-zeyer.de\/index.php?rest_route=\/wp\/v2\/pages\/416\/revisions\/1985"}],"up":[{"embeddable":true,"href":"https:\/\/heiko-zeyer.de\/index.php?rest_route=\/wp\/v2\/pages\/401"}],"wp:attachment":[{"href":"https:\/\/heiko-zeyer.de\/index.php?rest_route=%2Fwp%2Fv2%2Fmedia&parent=416"}],"curies":[{"name":"wp","href":"https:\/\/api.w.org\/{rel}","templated":true}]}}